{"id":7470,"date":"2022-07-13T14:41:42","date_gmt":"2022-07-13T12:41:42","guid":{"rendered":"https:\/\/www.grafinvest.it\/?page_id=7470"},"modified":"2022-07-13T14:41:42","modified_gmt":"2022-07-13T12:41:42","slug":"stampa-su-alluminio","status":"publish","type":"page","link":"https:\/\/www.grafinvest.it\/en\/prodotti-articoli\/grande-formato\/stampa-su-alluminio\/","title":{"rendered":"Stampa su Alluminio"},"content":{"rendered":"<div class=\"wpb-content-wrapper\"><div class=\"in_row row vc_row-fluid\"  ><div class=\"col-md-12\">\n\t\t<div class=\"wpb_wrapper\">\n\t\t\t<div class=\"vc_row wpb_row vc_inner vc_row-fluid vc_row-o-equal-height vc_row-flex\"><div class=\"wpb_column vc_column_container vc_col-sm-12\"><div class=\"vc_column-inner\"><div class=\"wpb_wrapper\">\n\t<div class=\"wpb_text_column wpb_content_element titolipagine\" >\n\t\t<div class=\"wpb_wrapper\">\n\t\t\t<h1><strong><span style=\"color: #000000;\">STAMPA SU <\/span><span style=\"color: #95c11e;\">ALLUMINIO<\/span><\/strong><\/h1>\n<h2><span style=\"color: #95c11e;\">Stampa su Alluminio le tue grafiche personalizzate e realizza i tuoi pannelli su misura<\/span><\/h2>\n\n\t\t<\/div>\n\t<\/div>\n<\/div><\/div><\/div><\/div>\n\t\t<\/div> \n\t<\/div> \n<\/div><div class=\"in_row row vc_row-fluid  imgprodotti\"  ><div class=\"col-md-12\">\n\t\t<div class=\"wpb_wrapper\">\n\t\t\t<div class=\"vc_row wpb_row vc_inner vc_row-fluid vc_custom_1657208244496 vc_row-has-fill\"><div class=\"wpb_column vc_column_container vc_col-sm-8\"><div class=\"vc_column-inner\"><div class=\"wpb_wrapper\">\n\t<div class=\"wpb_text_column wpb_content_element\" >\n\t\t<div class=\"wpb_wrapper\">\n\t\t\t<p>L&#8217;<strong>Alluminio<\/strong> \u00e8 un supporto durevole e di pregio per la stampa digitale, che valorizza le comunicazioni e garantisce una resa eccellente. Ideale sia per contesti d\u2019uso interni che esterni, \u00e8 indicato per la realizzazione di pannelli promozionali o insegne che potrai utilizzare per l\u2019allestimento dei tuoi spazi oppure per pubblicizzare la tua attivit\u00e0 commerciale.<\/p>\n<p>Per questo motivo in Grafinvest+ utilizziamo le migliori tecnologie per la <strong>Stampa su Alluminio<\/strong>\u00a0di grafiche personalizzate o fotografie in altissima definizione: estrema resistenza ed elevata qualit\u00e0 di stampa garantite con un\u2019unica soluzione, che sar\u00e0 in grado si sorprendere i tuoi clienti.<\/p>\n<p>Quali vantaggi offre la Stampa su Alluminio?<\/p>\n<ul>\n<li><strong>Resistenza e durabilit\u00e0 anche in ambienti esterni<\/strong>: l\u2019Alluminio \u00e8 un materiale leggero ma molto affidabile, grazie alle sue propriet\u00e0 antiossidanti. Oltre ad essere un supporto duttile, \u00e8 anche riciclabile. Potrai fare affidamento su dei pannelli stampati in grado di durare per anni anche in ambienti esterni, senza temere lo stress dovuto a condizioni climatiche avverse o all\u2019impatto della luce.<\/li>\n<li><strong>Elevata qualit\u00e0 di stampa<\/strong>: l\u2019Alluminio si rivela essere un materiale incredibilmente adatto alla stampa. Grazie alle nostre tecnologie di ultima generazione siamo in grado di assicurarti delle stampe su Alluminio caratterizzate da dettagli fedeli e da colori brillanti. Scegli la grafica migliore per promuovere la tua attivit\u00e0 e realizza subito le tue nuove insegne personalizzate con Grafinvest+!<\/li>\n<\/ul>\n\n\t\t<\/div>\n\t<\/div>\n<\/div><\/div><\/div><div class=\"wpb_column vc_column_container vc_col-sm-4\"><div class=\"vc_column-inner\"><div class=\"wpb_wrapper\">    \n\t<div class=\"wpb_single_image wpb_content_element vc_align_left\">\n\t\t<div class=\"wpb_wrapper\">\n\t\t\t\n\t\t\t<img loading=\"lazy\" decoding=\"async\" width=\"150\" height=\"150\" src=\"https:\/\/www.grafinvest.it\/wp-content\/uploads\/2022\/07\/bnr_547_297792-150x150.webp\" class=\"attachment-thumbnail\" alt=\"\" title=\"bnr_547_297792\" srcset=\"https:\/\/www.grafinvest.it\/wp-content\/uploads\/2022\/07\/bnr_547_297792-150x150.webp 150w, https:\/\/www.grafinvest.it\/wp-content\/uploads\/2022\/07\/bnr_547_297792-70x70.webp 70w, https:\/\/www.grafinvest.it\/wp-content\/uploads\/2022\/07\/bnr_547_297792-60x60.webp 60w, https:\/\/www.grafinvest.it\/wp-content\/uploads\/2022\/07\/bnr_547_297792-260x260.webp 260w, https:\/\/www.grafinvest.it\/wp-content\/uploads\/2022\/07\/bnr_547_297792-100x100.webp 100w\" sizes=\"auto, (max-width: 150px) 100vw, 150px\" \/>\n\t\t<\/div> \n\t<\/div> <\/div><\/div><\/div><\/div>\n\t<div class=\"wpb_text_column wpb_content_element\" >\n\t\t<div class=\"wpb_wrapper\">\n\t\t\t<div id=\"global_container\" class=\"container bottom-20 no-designer global_page\">\n<div class=\"row\">\n<div class=\"col-sm-12 col-md-4-5th\">\n<div class=\"row\">\n<div class=\"col-xs-12\">\n<div class=\"top-10\">\n<div id=\"seo_area\">\n<div id=\"cnt_testo\">\n<h2>Personalizzazione, e assistenza al cliente: la stampa su Alluminio che sorprende<\/h2>\n<p>Vogliamo offrirti un servizio comodo e veloce. _<br \/>\nPer dare forma alle <strong>Stampe su Alluminio<\/strong>\u00a0di cui hai bisogno:<\/p>\n<ol>\n<li><strong>Materiale<\/strong>: mettiamo a tua disposizione differenti tipologie di pannelli in Alluminio, sui quali puoi stampare le tue immagini. I pannelli in <strong>Alluminio bianco 3 mm<\/strong>\u00a0sono composti da una combinazione di Alluminio e Polietilene, che restituisce estrema resistenza agli agenti atmosferici e una certa rigidit\u00e0. I pannelli in\u00a0<strong>Alluminio spazzolato 3 mm<\/strong>, invece, sono caratterizzati da una superficie particolarmente piacevole al tatto e alla vista. Per questo motivo sono indicati per allestimenti sofisticati.<\/li>\n<li><strong>Format<\/strong>: puoi selezionare uno dei tanti formati predefiniti proposti (Rettangolare 50 x 70 cm, 70 x 50 cm, 70 x 100 cm, 100 x 70 cm, 100 x 140 cm o 140 x 100 cm; Quadrato 50 x 50 cm, 70 x 70 cm, 100 x 100 cm, 110 x 110 cm o 140 x 140 cm), oppure delle <strong>misure personalizzate<\/strong>.<\/li>\n<li><strong>Print indications<\/strong>: per i pannelli in Alluminio bianco 3 mm, hai la possibilit\u00e0 di stampare entrambe le facciate del supporto, con la stessa immagine o con due immagini diverse.<\/li>\n<li><strong>Taglio<\/strong>: puoi scegliere come modalit\u00e0 di taglio la <strong>sagomatura<\/strong>, per ottenere delle stampe in Alluminio perfettamente tagliate lungo i bordi delle tue grafiche.<\/li>\n<li><strong>Verniciatura<\/strong>: puoi decidere di applicare una verniciatura superficiale per proteggere le tue immagini stampate da eventuali graffi.<\/li>\n<\/ol>\n<h2>Stampa le tue foto su Alluminio spazzolato o Alluminio bianco<\/h2>\n<p>L\u2019<strong>Alluminio spazzolato<\/strong>\u00a0viene ottenuto attraverso un particolare procedimento industriale, finalizzato all\u2019eliminazione di ogni irregolarit\u00e0 presente sulla superficie del materiale. Questo processo restituisce un prodotto di pregevole finitura, particolarmente adatto ad una stampa in altissima definizione e di grande tenuta.<\/p>\n<p>I nostri pannelli in\u00a0<strong>Alluminio spazzolato<\/strong>\u00a0sono composti da una\u00a0<strong>superficie in alluminio stampabile<\/strong>\u00a0accoppiata ad un nucleo interno in\u00a0<b>Polietilene nero<\/b>. Si tratta di pannelli adatti anche ad un uso esterno prolungato nel tempo. Le stampe, allo stesso modo, saranno caratterizzate da grande tenuta, colori brillanti e particolari definiti.<\/p>\n<p>I pannelli in\u00a0<strong>Alluminio bianco<\/strong>, con nucleo interno in\u00a0<b>Polietilene nero<\/b>, assicurano una tenuta di 3 anni in ambienti esterni, mentre in ambienti indoor \u00e8 illimitata. Anch\u2019essi adatti ad una stampa della migliore qualit\u00e0, saranno in grado di esaltare le tue fotografie e grafiche personalizzate.<\/p>\n<h2>Stampe su Alluminio adatte a te: il Taglio sagomato<\/h2>\n<p><strong>Stampa le tue grafiche su Alluminio sagomato<\/strong> per realizzare insegne e decorazioni personalizzate.<\/p>\n<\/div>\n<\/div>\n<\/div>\n<\/div>\n<\/div>\n<\/div>\n<\/div>\n<\/div>\n\n\t\t<\/div>\n\t<\/div>\n\n\t\t<\/div> \n\t<\/div> \n<\/div>\n<\/div>","protected":false},"excerpt":{"rendered":"STAMPA SU ALLUMINIO Stampa su Alluminio le tue grafiche personalizzate e realizza i tuoi pannelli su misura L'Alluminio \u00e8 un supporto durevole e di pregio per la stampa digitale, che valorizza le comunicazioni e garantisce una resa eccellente. Ideale sia per contesti d\u2019uso interni che esterni, \u00e8 indicato per la realizzazione di pannelli promozionali o [...]","protected":false},"author":3,"featured_media":0,"parent":5012,"menu_order":0,"comment_status":"closed","ping_status":"closed","template":"","meta":{"footnotes":""},"class_list":["post-7470","page","type-page","status-publish","hentry"],"yoast_head":"<!-- This site is optimized with the Yoast SEO plugin v26.8 - https:\/\/yoast.com\/product\/yoast-seo-wordpress\/ -->\n<title>Stampa su Alluminio - Grafinvest EcoTipografia<\/title>\n<meta name=\"robots\" content=\"index, follow, max-snippet:-1, max-image-preview:large, max-video-preview:-1\" \/>\n<link rel=\"canonical\" href=\"https:\/\/www.grafinvest.it\/en\/prodotti-articoli\/grande-formato\/stampa-su-alluminio\/\" \/>\n<meta property=\"og:locale\" content=\"en_GB\" \/>\n<meta property=\"og:type\" content=\"article\" \/>\n<meta property=\"og:title\" content=\"Stampa su Alluminio - Grafinvest EcoTipografia\" \/>\n<meta property=\"og:url\" content=\"https:\/\/www.grafinvest.it\/en\/prodotti-articoli\/grande-formato\/stampa-su-alluminio\/\" \/>\n<meta property=\"og:site_name\" content=\"Grafinvest EcoTipografia\" \/>\n<meta property=\"article:publisher\" content=\"https:\/\/www.facebook.com\/grafinvest.ecotipografia\/\" \/>\n<meta property=\"og:image\" content=\"https:\/\/www.grafinvest.it\/wp-content\/uploads\/2021\/04\/grafinvest_logo.png\" \/>\n\t<meta property=\"og:image:width\" content=\"350\" \/>\n\t<meta property=\"og:image:height\" content=\"79\" \/>\n\t<meta property=\"og:image:type\" content=\"image\/png\" \/>\n<meta name=\"twitter:card\" content=\"summary_large_image\" \/>\n<meta name=\"twitter:label1\" content=\"Estimated reading time\" \/>\n\t<meta name=\"twitter:data1\" content=\"5 minutes\" \/>\n<script type=\"application\/ld+json\" class=\"yoast-schema-graph\">{\"@context\":\"https:\/\/schema.org\",\"@graph\":[{\"@type\":\"WebPage\",\"@id\":\"https:\/\/www.grafinvest.it\/prodotti-articoli\/grande-formato\/stampa-su-alluminio\/\",\"url\":\"https:\/\/www.grafinvest.it\/prodotti-articoli\/grande-formato\/stampa-su-alluminio\/\",\"name\":\"Stampa su Alluminio - Grafinvest EcoTipografia\",\"isPartOf\":{\"@id\":\"https:\/\/www.grafinvest.it\/#website\"},\"datePublished\":\"2022-07-13T12:41:42+00:00\",\"breadcrumb\":{\"@id\":\"https:\/\/www.grafinvest.it\/prodotti-articoli\/grande-formato\/stampa-su-alluminio\/#breadcrumb\"},\"inLanguage\":\"en-GB\",\"potentialAction\":[{\"@type\":\"ReadAction\",\"target\":[\"https:\/\/www.grafinvest.it\/prodotti-articoli\/grande-formato\/stampa-su-alluminio\/\"]}]},{\"@type\":\"BreadcrumbList\",\"@id\":\"https:\/\/www.grafinvest.it\/prodotti-articoli\/grande-formato\/stampa-su-alluminio\/#breadcrumb\",\"itemListElement\":[{\"@type\":\"ListItem\",\"position\":1,\"name\":\"Home\",\"item\":\"https:\/\/www.grafinvest.it\/\"},{\"@type\":\"ListItem\",\"position\":2,\"name\":\"Prodotti Articoli\",\"item\":\"https:\/\/www.grafinvest.it\/prodotti-articoli\/\"},{\"@type\":\"ListItem\",\"position\":3,\"name\":\"Grande Formato\",\"item\":\"https:\/\/www.grafinvest.it\/prodotti-articoli\/grande-formato\/\"},{\"@type\":\"ListItem\",\"position\":4,\"name\":\"Stampa su Alluminio\"}]},{\"@type\":\"WebSite\",\"@id\":\"https:\/\/www.grafinvest.it\/#website\",\"url\":\"https:\/\/www.grafinvest.it\/\",\"name\":\"Grafinvest EcoTipografia\",\"description\":\"Tipografia Ecologica, Stampa Ecologica Online, Stampa Carta Riciclata\",\"publisher\":{\"@id\":\"https:\/\/www.grafinvest.it\/#organization\"},\"potentialAction\":[{\"@type\":\"SearchAction\",\"target\":{\"@type\":\"EntryPoint\",\"urlTemplate\":\"https:\/\/www.grafinvest.it\/?s={search_term_string}\"},\"query-input\":{\"@type\":\"PropertyValueSpecification\",\"valueRequired\":true,\"valueName\":\"search_term_string\"}}],\"inLanguage\":\"en-GB\"},{\"@type\":\"Organization\",\"@id\":\"https:\/\/www.grafinvest.it\/#organization\",\"name\":\"Grafinvest EcoTipografia | We think before printing\",\"url\":\"https:\/\/www.grafinvest.it\/\",\"logo\":{\"@type\":\"ImageObject\",\"inLanguage\":\"en-GB\",\"@id\":\"https:\/\/www.grafinvest.it\/#\/schema\/logo\/image\/\",\"url\":\"https:\/\/www.grafinvest.it\/wp-content\/uploads\/revslider\/home_slider\/logo-grafinvest-HD.png\",\"contentUrl\":\"https:\/\/www.grafinvest.it\/wp-content\/uploads\/revslider\/home_slider\/logo-grafinvest-HD.png\",\"width\":550,\"height\":202,\"caption\":\"Grafinvest EcoTipografia | We think before printing\"},\"image\":{\"@id\":\"https:\/\/www.grafinvest.it\/#\/schema\/logo\/image\/\"},\"sameAs\":[\"https:\/\/www.facebook.com\/grafinvest.ecotipografia\/\",\"https:\/\/www.instagram.com\/grafinvest.ecotipografia\/\"]}]}<\/script>\n<!-- \/ Yoast SEO plugin. -->","yoast_head_json":{"title":"Stampa su Alluminio - Grafinvest EcoTipografia","robots":{"index":"index","follow":"follow","max-snippet":"max-snippet:-1","max-image-preview":"max-image-preview:large","max-video-preview":"max-video-preview:-1"},"canonical":"https:\/\/www.grafinvest.it\/en\/prodotti-articoli\/grande-formato\/stampa-su-alluminio\/","og_locale":"en_GB","og_type":"article","og_title":"Stampa su Alluminio - Grafinvest EcoTipografia","og_url":"https:\/\/www.grafinvest.it\/en\/prodotti-articoli\/grande-formato\/stampa-su-alluminio\/","og_site_name":"Grafinvest EcoTipografia","article_publisher":"https:\/\/www.facebook.com\/grafinvest.ecotipografia\/","og_image":[{"width":350,"height":79,"url":"https:\/\/www.grafinvest.it\/wp-content\/uploads\/2021\/04\/grafinvest_logo.png","type":"image\/png"}],"twitter_card":"summary_large_image","twitter_misc":{"Estimated reading time":"5 minutes"},"schema":{"@context":"https:\/\/schema.org","@graph":[{"@type":"WebPage","@id":"https:\/\/www.grafinvest.it\/prodotti-articoli\/grande-formato\/stampa-su-alluminio\/","url":"https:\/\/www.grafinvest.it\/prodotti-articoli\/grande-formato\/stampa-su-alluminio\/","name":"Stampa su Alluminio - Grafinvest EcoTipografia","isPartOf":{"@id":"https:\/\/www.grafinvest.it\/#website"},"datePublished":"2022-07-13T12:41:42+00:00","breadcrumb":{"@id":"https:\/\/www.grafinvest.it\/prodotti-articoli\/grande-formato\/stampa-su-alluminio\/#breadcrumb"},"inLanguage":"en-GB","potentialAction":[{"@type":"ReadAction","target":["https:\/\/www.grafinvest.it\/prodotti-articoli\/grande-formato\/stampa-su-alluminio\/"]}]},{"@type":"BreadcrumbList","@id":"https:\/\/www.grafinvest.it\/prodotti-articoli\/grande-formato\/stampa-su-alluminio\/#breadcrumb","itemListElement":[{"@type":"ListItem","position":1,"name":"Home","item":"https:\/\/www.grafinvest.it\/"},{"@type":"ListItem","position":2,"name":"Prodotti Articoli","item":"https:\/\/www.grafinvest.it\/prodotti-articoli\/"},{"@type":"ListItem","position":3,"name":"Grande Formato","item":"https:\/\/www.grafinvest.it\/prodotti-articoli\/grande-formato\/"},{"@type":"ListItem","position":4,"name":"Stampa su Alluminio"}]},{"@type":"WebSite","@id":"https:\/\/www.grafinvest.it\/#website","url":"https:\/\/www.grafinvest.it\/","name":"Grafinvest EcoTypography","description":"Ecological Typography, Online Ecological Printing, Recycled Paper Printing","publisher":{"@id":"https:\/\/www.grafinvest.it\/#organization"},"potentialAction":[{"@type":"SearchAction","target":{"@type":"EntryPoint","urlTemplate":"https:\/\/www.grafinvest.it\/?s={search_term_string}"},"query-input":{"@type":"PropertyValueSpecification","valueRequired":true,"valueName":"search_term_string"}}],"inLanguage":"en-GB"},{"@type":"Organization","@id":"https:\/\/www.grafinvest.it\/#organization","name":"Grafinvest EcoTipografia | We think before printing","url":"https:\/\/www.grafinvest.it\/","logo":{"@type":"ImageObject","inLanguage":"en-GB","@id":"https:\/\/www.grafinvest.it\/#\/schema\/logo\/image\/","url":"https:\/\/www.grafinvest.it\/wp-content\/uploads\/revslider\/home_slider\/logo-grafinvest-HD.png","contentUrl":"https:\/\/www.grafinvest.it\/wp-content\/uploads\/revslider\/home_slider\/logo-grafinvest-HD.png","width":550,"height":202,"caption":"Grafinvest EcoTipografia | We think before printing"},"image":{"@id":"https:\/\/www.grafinvest.it\/#\/schema\/logo\/image\/"},"sameAs":["https:\/\/www.facebook.com\/grafinvest.ecotipografia\/","https:\/\/www.instagram.com\/grafinvest.ecotipografia\/"]}]}},"_links":{"self":[{"href":"https:\/\/www.grafinvest.it\/en\/wp-json\/wp\/v2\/pages\/7470","targetHints":{"allow":["GET"]}}],"collection":[{"href":"https:\/\/www.grafinvest.it\/en\/wp-json\/wp\/v2\/pages"}],"about":[{"href":"https:\/\/www.grafinvest.it\/en\/wp-json\/wp\/v2\/types\/page"}],"author":[{"embeddable":true,"href":"https:\/\/www.grafinvest.it\/en\/wp-json\/wp\/v2\/users\/3"}],"replies":[{"embeddable":true,"href":"https:\/\/www.grafinvest.it\/en\/wp-json\/wp\/v2\/comments?post=7470"}],"version-history":[{"count":0,"href":"https:\/\/www.grafinvest.it\/en\/wp-json\/wp\/v2\/pages\/7470\/revisions"}],"up":[{"embeddable":true,"href":"https:\/\/www.grafinvest.it\/en\/wp-json\/wp\/v2\/pages\/5012"}],"wp:attachment":[{"href":"https:\/\/www.grafinvest.it\/en\/wp-json\/wp\/v2\/media?parent=7470"}],"curies":[{"name":"wp","href":"https:\/\/api.w.org\/{rel}","templated":true}]}}