{"id":64,"date":"2015-03-24T11:54:24","date_gmt":"2015-03-24T10:54:24","guid":{"rendered":"https:\/\/www.grafinvest.it\/\/?page_id=64"},"modified":"2017-04-19T09:38:04","modified_gmt":"2017-04-19T07:38:04","slug":"faq-help","status":"publish","type":"page","link":"https:\/\/www.grafinvest.it\/en\/info\/faq-help\/","title":{"rendered":"Faq &amp; Help"},"content":{"rendered":"<div class=\"wpb-content-wrapper\"><div class=\"in_row row vc_row-fluid\"  ><div class=\"col-md-12\">\n\t\t<div class=\"wpb_wrapper\">\n\t\t\t\n\t<div class=\"wpb_text_column wpb_content_element titolipagine\" >\n\t\t<div class=\"wpb_wrapper\">\n\t\t\t<h1><strong><span style=\"color: #000000;\">FAQ<\/span>\u00a0<span style=\"color: #95c11e;\">&amp;<\/span><\/strong><strong>\u00a0HELP<\/strong><\/h1>\n\n\t\t<\/div>\n\t<\/div>\n<div  class=\"vc_do_toggle vc_toggle vc_toggle_default vc_toggle_color_default  vc_toggle_size_md\"><div class=\"vc_toggle_title\"><h4>In quali Paesi \u00e8 possibile acquistare online?<\/h4><i class=\"vc_toggle_icon\"><\/i><\/div><div class=\"vc_toggle_content\"><p>\u00c8 possibile acquistare da tutti i paesi!<\/p>\n<\/div><\/div><div  class=\"vc_do_toggle vc_toggle vc_toggle_default vc_toggle_color_default  vc_toggle_size_md\"><div class=\"vc_toggle_title\"><h4>Il Paese di consegna pu\u00f2 essere diverso da quello di acquisto?<\/h4><i class=\"vc_toggle_icon\"><\/i><\/div><div class=\"vc_toggle_content\"><p>S\u00ec, il Paese di consegna pu\u00f2 essere diverso al Paese di acquisto.<\/p>\n<\/div><\/div><div  class=\"vc_do_toggle vc_toggle vc_toggle_default vc_toggle_color_default  vc_toggle_size_md\"><div class=\"vc_toggle_title\"><h4>Do I have to register to place an order?<\/h4><i class=\"vc_toggle_icon\"><\/i><\/div><div class=\"vc_toggle_content\"><p>S\u00ec, la registrazione ti consente di completare acquisti sul nostro E-shop<\/p>\n<\/div><\/div><div  class=\"vc_do_toggle vc_toggle vc_toggle_default vc_toggle_color_default  vc_toggle_size_md\"><div class=\"vc_toggle_title\"><h4>Can I have my order delivered to an address other than my home address?<\/h4><i class=\"vc_toggle_icon\"><\/i><\/div><div class=\"vc_toggle_content\"><p>S\u00ec, in fase di perfezionamento dell\u2019ordine, puoi indicare un secondo indirizzo (indirizzo di spedizione) presso il quale ricevere i tuoi acquisti.\u2028 Ricorda che lo Stato di spedizione deve coincidere con quello di registrazione. Indica sempre il numero civico a completamento dell\u2019indirizzo e il nominativo presente sul campanello: questo agevoler\u00e0 la procedura di consegna.\u2028 Non sono previste consegne a caselle postali.<\/p>\n<\/div><\/div><div  class=\"vc_do_toggle vc_toggle vc_toggle_default vc_toggle_color_default  vc_toggle_size_md\"><div class=\"vc_toggle_title\"><h4>Come posso capire se il mio ordine \u00e8 andato a buon fine?<\/h4><i class=\"vc_toggle_icon\"><\/i><\/div><div class=\"vc_toggle_content\"><p>Anzitutto puoi controllare che l\u2019ordine sia presente alla sezione Riepilogo Ordini, accedendo al tuo profilo (menu in basso a sinistra). \u2028Successivamente alla conclusione dell\u2019ordine riceverai anche un\u2019e-mail di conferma.<\/p>\n<\/div><\/div><div  class=\"vc_do_toggle vc_toggle vc_toggle_default vc_toggle_color_default  vc_toggle_size_md\"><div class=\"vc_toggle_title\"><h4>Can I change my order?<\/h4><i class=\"vc_toggle_icon\"><\/i><\/div><div class=\"vc_toggle_content\"><p>You can change your order by accessing the CART only before the payment confirmation.<\/p>\n<\/div><\/div><div  class=\"vc_do_toggle vc_toggle vc_toggle_default vc_toggle_color_default  vc_toggle_size_md\"><div class=\"vc_toggle_title\"><h4>Posso aggiungere un articolo a un ordine gi\u00e0 esistente?<\/h4><i class=\"vc_toggle_icon\"><\/i><\/div><div class=\"vc_toggle_content\"><p>Non \u00e8 possibile aggiungere o modificare ordini che sono gi\u00e0 stati inoltrati.<\/p>\n<\/div><\/div><div  class=\"vc_do_toggle vc_toggle vc_toggle_default vc_toggle_color_default  vc_toggle_size_md\"><div class=\"vc_toggle_title\"><h4>\u00c8 possibile effettuare un ordine telefonicamente?<\/h4><i class=\"vc_toggle_icon\"><\/i><\/div><div class=\"vc_toggle_content\"><p>Si, ma solo con pagamento anticipato al numero (035 25 91 85); tuttavia inviando un\u2019e-mail al nostro servizio clienti <a href=\"mailto:info@grafinvest.it\">info@grafinvest.it<\/a>, potrai ricevere assistenza in caso di difficolt\u00e0 ad acquistare online. Indica nel messaggio il tuo problema e ti risponderemo il prima possibile fornendoti tutte le indicazioni necessarie affinch\u00e9 tu possa concludere correttamente il tuo acquisto.<\/p>\n<\/div><\/div><div  class=\"vc_do_toggle vc_toggle vc_toggle_default vc_toggle_color_default  vc_toggle_size_md\"><div class=\"vc_toggle_title\"><h4>Is my personal data confidential?<\/h4><i class=\"vc_toggle_icon\"><\/i><\/div><div class=\"vc_toggle_content\"><p>I tuoi dati personali saranno trattati per finalit\u00e0 funzionali all\u2019adempimento di obblighi fiscali e finalit\u00e0 connesse alla nostra attivit\u00e0 commerciale.<\/p>\n<\/div><\/div><div  class=\"vc_do_toggle vc_toggle vc_toggle_default vc_toggle_color_default  vc_toggle_size_md\"><div class=\"vc_toggle_title\"><h4>I forgot my password, how can I recover it?<\/h4><i class=\"vc_toggle_icon\"><\/i><\/div><div class=\"vc_toggle_content\"><p>Clicca su Login (menu in alto a destra); in seguito clicca su \u201cHai dimenticato la password?\u201d.<br \/>\nAdd your email and select Send. Within a few minutes you will receive your password directly on your inbox.<\/p>\n<\/div><\/div><div  class=\"vc_do_toggle vc_toggle vc_toggle_default vc_toggle_color_default  vc_toggle_size_md\"><div class=\"vc_toggle_title\"><h4>Can I change my data?<\/h4><i class=\"vc_toggle_icon\"><\/i><\/div><div class=\"vc_toggle_content\"><p>S\u00ec, puoi modificare i tuoi dati accedendo al tuo profilo dal menu in alto a destra (Login): inserisci e-mail e password, poi clicca su Dati Personali. &#8220;Aggiorna i tuoi dati poi clicca su conferma.&#8221; Se desideri cambiare la password, sempre dopo aver eseguito il login, clicca su Cambio Password (dal menu in alto a destra)<\/p>\n<\/div><\/div><div  class=\"vc_do_toggle vc_toggle vc_toggle_default vc_toggle_color_default  vc_toggle_size_md\"><div class=\"vc_toggle_title\"><h4>What payments are allowed?<\/h4><i class=\"vc_toggle_icon\"><\/i><\/div><div class=\"vc_toggle_content\"><p>\u00c8 possibile pagare mediante Contrassegno (presso nostra sede), Bonifico Bancario, PayPal e Carta di Credito.<\/p>\n<\/div><\/div><div  class=\"vc_do_toggle vc_toggle vc_toggle_default vc_toggle_color_default  vc_toggle_size_md\"><div class=\"vc_toggle_title\"><h4>Quando ricever\u00f2 il mio ordine?<\/h4><i class=\"vc_toggle_icon\"><\/i><\/div><div class=\"vc_toggle_content\"><p>Delivery takes place approximately within 2\/3 working days from the moment the package is commissioned to the courier. For remote areas (eg for Italy: Calabria, Sardinia and Sicily) it may take up to 3\/4 working days. The courier does not deliver on Saturdays and Sundays.<\/p>\n<\/div><\/div><div  class=\"vc_do_toggle vc_toggle vc_toggle_default vc_toggle_color_default  vc_toggle_size_md\"><div class=\"vc_toggle_title\"><h4>How can I send the print files?<\/h4><i class=\"vc_toggle_icon\"><\/i><\/div><div class=\"vc_toggle_content\"><p>Potrai spedire i file di stampa una volta completato l\u2019ordine, oppure recandoti nella pagina \u201cIl mio account\u201d, cliccando la voce in alto a destra, e selezionando il numero d\u2019ordine desiderato, ti apparir\u00e0 la sezione di invio file.<\/p>\n<\/div><\/div><div  class=\"vc_do_toggle vc_toggle vc_toggle_default vc_toggle_color_default  vc_toggle_size_md\"><div class=\"vc_toggle_title\"><h4>How long do I have to send the print file?<\/h4><i class=\"vc_toggle_icon\"><\/i><\/div><div class=\"vc_toggle_content\"><p>Potrai spedire i file di stampa entro 12 ore dalla conferma dell\u2019ordine, oppure entro le ore 18,00 del giorno successivo.<\/p>\n<\/div><\/div><div  class=\"vc_do_toggle vc_toggle vc_toggle_default vc_toggle_color_default  vc_toggle_size_md\"><div class=\"vc_toggle_title\"><h4>Can I replace the print file?<\/h4><i class=\"vc_toggle_icon\"><\/i><\/div><div class=\"vc_toggle_content\"><p>Potrai sostituire il file di stampa entro 12 ore dalla conferma dell\u2019ordine, oppure entro le ore 18.00 del giorno successivo. Una volta che riceverai la conferma di download dei tuoi file non ti sar\u00e0 pi\u00f9 possibile sostituire i file.<\/p>\n<\/div><\/div><div  class=\"vc_do_toggle vc_toggle vc_toggle_default vc_toggle_color_default  vc_toggle_size_md\"><div class=\"vc_toggle_title\"><h4>What should I do if I receive the wrong item?<\/h4><i class=\"vc_toggle_icon\"><\/i><\/div><div class=\"vc_toggle_content\"><p>Se per errore ti arriva un articolo che non hai ordinato ti preghiamo di inviare un\u2019e-mail a info@grafinvest.it specificando il numero dell\u2019ordine e il codice dell\u2019articolo che hai ricevuto.<br \/>\nWe will reply as soon as possible by providing you with all the information necessary for the correct resolution of the problem.<\/p>\n<\/div><\/div>\n\t\t<\/div> \n\t<\/div> \n<\/div>\n<\/div>","protected":false},"excerpt":{"rendered":"FAQ\u00a0&amp;\u00a0HELP In quali Paesi \u00e8 possibile acquistare online?\u00c8 possibile acquistare da tutti i paesi! Il Paese di consegna pu\u00f2 essere diverso da quello di acquisto?S\u00ec, il Paese di consegna pu\u00f2 essere diverso al Paese di acquisto. Per effettuare un ordine devo registrami?S\u00ec, la registrazione ti consente di completare acquisti sul nostro E-shop Posso fare recapitare [...]","protected":false},"author":3,"featured_media":0,"parent":3581,"menu_order":50,"comment_status":"closed","ping_status":"closed","template":"","meta":{"footnotes":""},"class_list":["post-64","page","type-page","status-publish","hentry"],"yoast_head":"<!-- This site is optimized with the Yoast SEO plugin v26.8 - https:\/\/yoast.com\/product\/yoast-seo-wordpress\/ -->\n<title>Faq &amp; Help - Grafinvest EcoTipografia<\/title>\n<meta name=\"description\" content=\"FAQ &amp; HELP\" \/>\n<meta name=\"robots\" content=\"index, follow, max-snippet:-1, max-image-preview:large, max-video-preview:-1\" \/>\n<link rel=\"canonical\" href=\"https:\/\/www.grafinvest.it\/en\/info\/faq-help\/\" \/>\n<meta property=\"og:locale\" content=\"en_GB\" \/>\n<meta property=\"og:type\" content=\"article\" \/>\n<meta property=\"og:title\" content=\"Faq &amp; Help - Grafinvest EcoTipografia\" \/>\n<meta property=\"og:description\" content=\"FAQ &amp; HELP\" \/>\n<meta property=\"og:url\" content=\"https:\/\/www.grafinvest.it\/en\/info\/faq-help\/\" \/>\n<meta property=\"og:site_name\" content=\"Grafinvest EcoTipografia\" \/>\n<meta property=\"article:publisher\" content=\"https:\/\/www.facebook.com\/grafinvest.ecotipografia\/\" \/>\n<meta property=\"article:modified_time\" content=\"2017-04-19T07:38:04+00:00\" \/>\n<meta property=\"og:image\" content=\"https:\/\/www.grafinvest.it\/wp-content\/uploads\/2021\/04\/grafinvest_logo.png\" \/>\n\t<meta property=\"og:image:width\" content=\"350\" \/>\n\t<meta property=\"og:image:height\" content=\"79\" \/>\n\t<meta property=\"og:image:type\" content=\"image\/png\" \/>\n<meta name=\"twitter:card\" content=\"summary_large_image\" \/>\n<meta name=\"twitter:label1\" content=\"Estimated reading time\" \/>\n\t<meta name=\"twitter:data1\" content=\"4 minutes\" \/>\n<script type=\"application\/ld+json\" class=\"yoast-schema-graph\">{\"@context\":\"https:\/\/schema.org\",\"@graph\":[{\"@type\":\"WebPage\",\"@id\":\"https:\/\/www.grafinvest.it\/en\/info\/faq-help\/\",\"url\":\"https:\/\/www.grafinvest.it\/en\/info\/faq-help\/\",\"name\":\"Faq & Help - Grafinvest EcoTipografia\",\"isPartOf\":{\"@id\":\"https:\/\/www.grafinvest.it\/#website\"},\"datePublished\":\"2015-03-24T10:54:24+00:00\",\"dateModified\":\"2017-04-19T07:38:04+00:00\",\"description\":\"FAQ & HELP\",\"breadcrumb\":{\"@id\":\"https:\/\/www.grafinvest.it\/en\/info\/faq-help\/#breadcrumb\"},\"inLanguage\":\"en-GB\",\"potentialAction\":[{\"@type\":\"ReadAction\",\"target\":[\"https:\/\/www.grafinvest.it\/en\/info\/faq-help\/\"]}]},{\"@type\":\"BreadcrumbList\",\"@id\":\"https:\/\/www.grafinvest.it\/en\/info\/faq-help\/#breadcrumb\",\"itemListElement\":[{\"@type\":\"ListItem\",\"position\":1,\"name\":\"Home\",\"item\":\"https:\/\/www.grafinvest.it\/\"},{\"@type\":\"ListItem\",\"position\":2,\"name\":\"Info\",\"item\":\"https:\/\/www.grafinvest.it\/info\/\"},{\"@type\":\"ListItem\",\"position\":3,\"name\":\"Faq &#038; Help\"}]},{\"@type\":\"WebSite\",\"@id\":\"https:\/\/www.grafinvest.it\/#website\",\"url\":\"https:\/\/www.grafinvest.it\/\",\"name\":\"Grafinvest EcoTipografia\",\"description\":\"Tipografia Ecologica, Stampa Ecologica Online, Stampa Carta Riciclata\",\"publisher\":{\"@id\":\"https:\/\/www.grafinvest.it\/#organization\"},\"potentialAction\":[{\"@type\":\"SearchAction\",\"target\":{\"@type\":\"EntryPoint\",\"urlTemplate\":\"https:\/\/www.grafinvest.it\/?s={search_term_string}\"},\"query-input\":{\"@type\":\"PropertyValueSpecification\",\"valueRequired\":true,\"valueName\":\"search_term_string\"}}],\"inLanguage\":\"en-GB\"},{\"@type\":\"Organization\",\"@id\":\"https:\/\/www.grafinvest.it\/#organization\",\"name\":\"Grafinvest EcoTipografia | We think before printing\",\"url\":\"https:\/\/www.grafinvest.it\/\",\"logo\":{\"@type\":\"ImageObject\",\"inLanguage\":\"en-GB\",\"@id\":\"https:\/\/www.grafinvest.it\/#\/schema\/logo\/image\/\",\"url\":\"https:\/\/www.grafinvest.it\/wp-content\/uploads\/revslider\/home_slider\/logo-grafinvest-HD.png\",\"contentUrl\":\"https:\/\/www.grafinvest.it\/wp-content\/uploads\/revslider\/home_slider\/logo-grafinvest-HD.png\",\"width\":550,\"height\":202,\"caption\":\"Grafinvest EcoTipografia | We think before printing\"},\"image\":{\"@id\":\"https:\/\/www.grafinvest.it\/#\/schema\/logo\/image\/\"},\"sameAs\":[\"https:\/\/www.facebook.com\/grafinvest.ecotipografia\/\",\"https:\/\/www.instagram.com\/grafinvest.ecotipografia\/\"]}]}<\/script>\n<!-- \/ Yoast SEO plugin. -->","yoast_head_json":{"title":"Faq & Help - Grafinvest EcoTipografia","description":"FAQ & HELP","robots":{"index":"index","follow":"follow","max-snippet":"max-snippet:-1","max-image-preview":"max-image-preview:large","max-video-preview":"max-video-preview:-1"},"canonical":"https:\/\/www.grafinvest.it\/en\/info\/faq-help\/","og_locale":"en_GB","og_type":"article","og_title":"Faq & Help - Grafinvest EcoTipografia","og_description":"FAQ & HELP","og_url":"https:\/\/www.grafinvest.it\/en\/info\/faq-help\/","og_site_name":"Grafinvest EcoTipografia","article_publisher":"https:\/\/www.facebook.com\/grafinvest.ecotipografia\/","article_modified_time":"2017-04-19T07:38:04+00:00","og_image":[{"width":350,"height":79,"url":"https:\/\/www.grafinvest.it\/wp-content\/uploads\/2021\/04\/grafinvest_logo.png","type":"image\/png"}],"twitter_card":"summary_large_image","twitter_misc":{"Estimated reading time":"4 minutes"},"schema":{"@context":"https:\/\/schema.org","@graph":[{"@type":"WebPage","@id":"https:\/\/www.grafinvest.it\/en\/info\/faq-help\/","url":"https:\/\/www.grafinvest.it\/en\/info\/faq-help\/","name":"Faq & Help - Grafinvest EcoTipografia","isPartOf":{"@id":"https:\/\/www.grafinvest.it\/#website"},"datePublished":"2015-03-24T10:54:24+00:00","dateModified":"2017-04-19T07:38:04+00:00","description":"FAQ & HELP","breadcrumb":{"@id":"https:\/\/www.grafinvest.it\/en\/info\/faq-help\/#breadcrumb"},"inLanguage":"en-GB","potentialAction":[{"@type":"ReadAction","target":["https:\/\/www.grafinvest.it\/en\/info\/faq-help\/"]}]},{"@type":"BreadcrumbList","@id":"https:\/\/www.grafinvest.it\/en\/info\/faq-help\/#breadcrumb","itemListElement":[{"@type":"ListItem","position":1,"name":"Home","item":"https:\/\/www.grafinvest.it\/"},{"@type":"ListItem","position":2,"name":"Info","item":"https:\/\/www.grafinvest.it\/info\/"},{"@type":"ListItem","position":3,"name":"Faq &#038; Help"}]},{"@type":"WebSite","@id":"https:\/\/www.grafinvest.it\/#website","url":"https:\/\/www.grafinvest.it\/","name":"Grafinvest EcoTypography","description":"Ecological Typography, Online Ecological Printing, Recycled Paper Printing","publisher":{"@id":"https:\/\/www.grafinvest.it\/#organization"},"potentialAction":[{"@type":"SearchAction","target":{"@type":"EntryPoint","urlTemplate":"https:\/\/www.grafinvest.it\/?s={search_term_string}"},"query-input":{"@type":"PropertyValueSpecification","valueRequired":true,"valueName":"search_term_string"}}],"inLanguage":"en-GB"},{"@type":"Organization","@id":"https:\/\/www.grafinvest.it\/#organization","name":"Grafinvest EcoTipografia | We think before printing","url":"https:\/\/www.grafinvest.it\/","logo":{"@type":"ImageObject","inLanguage":"en-GB","@id":"https:\/\/www.grafinvest.it\/#\/schema\/logo\/image\/","url":"https:\/\/www.grafinvest.it\/wp-content\/uploads\/revslider\/home_slider\/logo-grafinvest-HD.png","contentUrl":"https:\/\/www.grafinvest.it\/wp-content\/uploads\/revslider\/home_slider\/logo-grafinvest-HD.png","width":550,"height":202,"caption":"Grafinvest EcoTipografia | We think before printing"},"image":{"@id":"https:\/\/www.grafinvest.it\/#\/schema\/logo\/image\/"},"sameAs":["https:\/\/www.facebook.com\/grafinvest.ecotipografia\/","https:\/\/www.instagram.com\/grafinvest.ecotipografia\/"]}]}},"_links":{"self":[{"href":"https:\/\/www.grafinvest.it\/en\/wp-json\/wp\/v2\/pages\/64","targetHints":{"allow":["GET"]}}],"collection":[{"href":"https:\/\/www.grafinvest.it\/en\/wp-json\/wp\/v2\/pages"}],"about":[{"href":"https:\/\/www.grafinvest.it\/en\/wp-json\/wp\/v2\/types\/page"}],"author":[{"embeddable":true,"href":"https:\/\/www.grafinvest.it\/en\/wp-json\/wp\/v2\/users\/3"}],"replies":[{"embeddable":true,"href":"https:\/\/www.grafinvest.it\/en\/wp-json\/wp\/v2\/comments?post=64"}],"version-history":[{"count":0,"href":"https:\/\/www.grafinvest.it\/en\/wp-json\/wp\/v2\/pages\/64\/revisions"}],"up":[{"embeddable":true,"href":"https:\/\/www.grafinvest.it\/en\/wp-json\/wp\/v2\/pages\/3581"}],"wp:attachment":[{"href":"https:\/\/www.grafinvest.it\/en\/wp-json\/wp\/v2\/media?parent=64"}],"curies":[{"name":"wp","href":"https:\/\/api.w.org\/{rel}","templated":true}]}}