{"id":4680,"date":"2017-04-07T11:16:06","date_gmt":"2017-04-07T09:16:06","guid":{"rendered":"https:\/\/www.grafinvest.it\/?page_id=4680"},"modified":"2026-03-31T14:37:12","modified_gmt":"2026-03-31T12:37:12","slug":"stand-fieristici","status":"publish","type":"page","link":"https:\/\/www.grafinvest.it\/en\/prodotti-articoli\/stand-fieristici\/","title":{"rendered":"Stand Fieristici"},"content":{"rendered":"<div class=\"wpb-content-wrapper\"><div class=\"in_row row vc_row-fluid\"  ><div class=\"col-md-12\">\n\t\t<div class=\"wpb_wrapper\">\n\t\t\t\n\t<div class=\"wpb_text_column wpb_content_element titolipagine\" >\n\t\t<div class=\"wpb_wrapper\">\n\t\t\t<h1><strong>STAND <span style=\"color: #99cc00;\">FIERISTICI<\/span><\/strong><\/h1>\n\n\t\t<\/div>\n\t<\/div>\n\n<div class=\"wpb_images_carousel  wpb_content_element sliderfullsize clearfix\">\n    <div class=\"wpb_wrapper\">\n                <div id=\"vc-images-carousel-1-1776934605\" \n            class=\"owl-carousel has_magnific\"\n            data-slides-per-view = \"1\"\n            data-single-item = \"true\"\n            data-transition-slide = \"fade\"\n            data-navigation-owl = \"false\"\n            data-pagination-owl = \"true\"\n            data-autoplay = \"3000\"\n            data-rewind = \"true\"\n            data-speed = \"\"\n            >\n\n            <!-- Wrapper for slides -->\n\n                                                            <div class=\"item single-image\">\n\n                        <a class=\"lightbox-el\" href=\"https:\/\/www.grafinvest.it\/wp-content\/uploads\/2026\/03\/fopto-per-sito-NEW-1024x691.jpg\"><img decoding=\"async\" class=\"\" src=\"https:\/\/www.grafinvest.it\/wp-content\/uploads\/2026\/03\/fopto-per-sito-NEW-scaled-1145x400.jpg\" width=\"1145\" height=\"400\" alt=\"fopto per sito NEW\" title=\"fopto per sito NEW\" loading=\"lazy\" \/><\/a>\n                    <\/div>\n                                                            <div class=\"item single-image\">\n\n                        <a class=\"lightbox-el\" href=\"https:\/\/www.grafinvest.it\/wp-content\/uploads\/2026\/03\/Be-Matrix-3-1024x768.jpg\"><img decoding=\"async\" class=\"\" src=\"https:\/\/www.grafinvest.it\/wp-content\/uploads\/2026\/03\/Be-Matrix-3-1145x400.jpg\" width=\"1145\" height=\"400\" alt=\"Be Matrix 3\" title=\"Be Matrix 3\" loading=\"lazy\" \/><\/a>\n                    <\/div>\n                                                            <div class=\"item single-image\">\n\n                        <a class=\"lightbox-el\" href=\"https:\/\/www.grafinvest.it\/wp-content\/uploads\/2026\/03\/Be-Matrix-4-1024x768.jpg\"><img decoding=\"async\" class=\"\" src=\"https:\/\/www.grafinvest.it\/wp-content\/uploads\/2026\/03\/Be-Matrix-4-1145x400.jpg\" width=\"1145\" height=\"400\" alt=\"Be Matrix 4\" title=\"Be Matrix 4\" loading=\"lazy\" \/><\/a>\n                    <\/div>\n                                                            <div class=\"item single-image\">\n\n                        <a class=\"lightbox-el\" href=\"https:\/\/www.grafinvest.it\/wp-content\/uploads\/2026\/03\/foto-per-insta-transvecta-2--1024x1024.jpg\"><img decoding=\"async\" class=\"\" src=\"https:\/\/www.grafinvest.it\/wp-content\/uploads\/2026\/03\/foto-per-insta-transvecta-2--1080x400.jpg\" width=\"1080\" height=\"400\" alt=\"foto per insta transvecta 2\" title=\"foto per insta transvecta 2\" loading=\"lazy\" \/><\/a>\n                    <\/div>\n                                                            <div class=\"item single-image\">\n\n                        <a class=\"lightbox-el\" href=\"https:\/\/www.grafinvest.it\/wp-content\/uploads\/2026\/03\/foto-per-insta-transvecta--1024x1024.jpg\"><img decoding=\"async\" class=\"\" src=\"https:\/\/www.grafinvest.it\/wp-content\/uploads\/2026\/03\/foto-per-insta-transvecta--1080x400.jpg\" width=\"1080\" height=\"400\" alt=\"foto per insta transvecta\" title=\"foto per insta transvecta\" loading=\"lazy\" \/><\/a>\n                    <\/div>\n                    \n        <\/div>\n\n    <\/div><\/div>\n\t\t<\/div> \n\t<\/div> \n<\/div><div class=\"in_row row vc_row-fluid  imgprodotti\"  ><div class=\"col-md-6\">\n\t\t<div class=\"wpb_wrapper\">\n\t\t\t\n\t<div class=\"wpb_text_column wpb_content_element\" >\n\t\t<div class=\"wpb_wrapper\">\n\t\t\t<h4>Richiedi un PREVENTIVO per il tuo Stand!<\/h4>\n\n\t\t<\/div>\n\t<\/div>\n\n<div class=\"wpcf7 no-js\" id=\"wpcf7-f6833-o1\" lang=\"it-IT\" dir=\"ltr\" data-wpcf7-id=\"6833\">\n<div class=\"screen-reader-response\"><p role=\"status\" aria-live=\"polite\" aria-atomic=\"true\"><\/p> <ul><\/ul><\/div>\n<form action=\"\/en\/wp-json\/wp\/v2\/pages\/4680#wpcf7-f6833-o1\" method=\"post\" class=\"wpcf7-form init 5372ac2a1f5d cmatic-conn cmatic-aud-1 cmatic-mapd0-0 cmatic-v097802 cmatic-sent-0 cmatic-total-137\" aria-label=\"Modulo di contatto\" novalidate=\"novalidate\" data-status=\"init\" data-trp-original-action=\"\/en\/wp-json\/wp\/v2\/pages\/4680#wpcf7-f6833-o1\">\n<fieldset class=\"hidden-fields-container\"><input type=\"hidden\" name=\"_wpcf7\" value=\"6833\" \/><input type=\"hidden\" name=\"_wpcf7_version\" value=\"6.1.5\" \/><input type=\"hidden\" name=\"_wpcf7_locale\" value=\"it_IT\" \/><input type=\"hidden\" name=\"_wpcf7_unit_tag\" value=\"wpcf7-f6833-o1\" \/><input type=\"hidden\" name=\"_wpcf7_container_post\" value=\"0\" \/><input type=\"hidden\" name=\"_wpcf7_posted_data_hash\" value=\"\" \/><input type=\"hidden\" name=\"_wpcf7_recaptcha_response\" value=\"\" \/>\n<\/fieldset>\n<div id=\"responsive-form\" class=\"clearfix\">\n\t<div class=\"form-row\">\n\t\t<div class=\"column-half\">\n\t\t\t<p>First name <span class=\"wpcf7-form-control-wrap\" data-name=\"your-name\"><input size=\"40\" maxlength=\"400\" class=\"wpcf7-form-control wpcf7-text\" aria-invalid=\"false\" value=\"\" type=\"text\" name=\"your-name\" \/><\/span>\n\t\t\t<\/p>\n\t\t<\/div>\n\t\t<div class=\"column-half\">\n\t\t\t<p>Surname <span class=\"wpcf7-form-control-wrap\" data-name=\"your-surname\"><input size=\"40\" maxlength=\"400\" class=\"wpcf7-form-control wpcf7-text\" aria-invalid=\"false\" value=\"\" type=\"text\" name=\"your-surname\" \/><\/span>\n\t\t\t<\/p>\n\t\t<\/div>\n\t<\/div>\n\t<div class=\"form-row\">\n\t\t<div class=\"column-half\">\n\t\t\t<p>Phone <span class=\"wpcf7-form-control-wrap\" data-name=\"your-phone\"><input size=\"40\" maxlength=\"400\" class=\"wpcf7-form-control wpcf7-tel wpcf7-text wpcf7-validates-as-tel\" aria-invalid=\"false\" value=\"\" type=\"tel\" name=\"your-phone\" \/><\/span>\n\t\t\t<\/p>\n\t\t<\/div>\n\t\t<div class=\"column-half\">\n\t\t\t<p>E-mail <span class=\"wpcf7-form-control-wrap\" data-name=\"your-mail\"><input size=\"40\" maxlength=\"400\" class=\"wpcf7-form-control wpcf7-email wpcf7-validates-as-required wpcf7-text wpcf7-validates-as-email\" aria-required=\"true\" aria-invalid=\"false\" value=\"\" type=\"email\" name=\"your-mail\" \/><\/span>\n\t\t\t<\/p>\n\t\t<\/div>\n\t<\/div>\n\t<div class=\"form-row\">\n\t\t<div class=\"column-full\">\n\t\t\t<p>Website <span class=\"wpcf7-form-control-wrap\" data-name=\"url-918\"><input size=\"40\" maxlength=\"400\" class=\"wpcf7-form-control wpcf7-url wpcf7-text wpcf7-validates-as-url\" aria-invalid=\"false\" value=\"\" type=\"url\" name=\"url-918\" \/><\/span>\n\t\t\t<\/p>\n\t\t<\/div>\n\t<\/div>\n\t<div class=\"form-row\">\n\t\t<div class=\"column-full\">\n\t\t\t<p>Your message <span class=\"wpcf7-form-control-wrap\" data-name=\"your-message\"><textarea cols=\"40\" rows=\"10\" maxlength=\"2000\" class=\"wpcf7-form-control wpcf7-textarea\" aria-invalid=\"false\" name=\"your-message\"><\/textarea><\/span>\n\t\t\t<\/p>\n\t\t<\/div>\n\t<\/div>\n\t<div class=\"form-row\">\n\t\t<div class=\"column-full\">\n\t\t\t<p><span class=\"wpcf7-form-control-wrap\" data-name=\"acceptance-368\"><span class=\"wpcf7-form-control wpcf7-acceptance\"><span class=\"wpcf7-list-item\"><label><input type=\"checkbox\" name=\"acceptance-368\" value=\"1\" aria-invalid=\"false\" \/><span class=\"wpcf7-list-item-label\">I also accept i <a href='https:\/\/www.grafinvest.it\/en\/info\/privacy-policy\/' target='_blank'>Terms of processing<\/a> of the data as required by the GDPR<\/span><\/label><\/span><\/span><\/span>\n\t\t\t<\/p>\n\t\t<\/div>\n\t<\/div>\n\t<div class=\"form-row\">\n\t\t<div class=\"column-full\">\n\t\t\t<p><input class=\"wpcf7-form-control wpcf7-submit has-spinner\" type=\"submit\" value=\"Send\" \/>\n\t\t\t<\/p>\n\t\t<\/div>\n\t<\/div>\n<\/div><div class=\"wpcf7-response-output\" aria-hidden=\"true\"><\/div>\n<input type=\"hidden\" name=\"trp-form-language\" value=\"en\"\/><\/form>\n<\/div>\n\n\t\t<\/div> \n\t<\/div> \n<div class=\"col-md-6\">\n\t\t<div class=\"wpb_wrapper\">\n\t\t\t\n<div class=\"wpb_images_carousel  wpb_content_element clearfix\">\n    <div class=\"wpb_wrapper\">\n                <div id=\"vc-images-carousel-2-1776934607\" \n            class=\"owl-carousel has_magnific\"\n            data-slides-per-view = \"1\"\n            data-single-item = \"true\"\n            data-transition-slide = \"fade\"\n            data-navigation-owl = \"false\"\n            data-pagination-owl = \"false\"\n            data-autoplay = \"false\"\n            data-rewind = \"false\"\n            data-speed = \"200\"\n            >\n\n            <!-- Wrapper for slides -->\n\n                                                            <div class=\"item single-image\">\n\n                        <a class=\"lightbox-el\" href=\"https:\/\/www.grafinvest.it\/wp-content\/uploads\/2026\/03\/Stand-fieristici-frasi-1024x1024.jpg\"><img loading=\"lazy\" decoding=\"async\" width=\"2557\" height=\"2560\" src=\"https:\/\/www.grafinvest.it\/wp-content\/uploads\/2026\/03\/Stand-fieristici-frasi-scaled.jpg\" class=\"attachment-full\" alt=\"\" title=\"Stand fieristici frasi\" srcset=\"https:\/\/www.grafinvest.it\/wp-content\/uploads\/2026\/03\/Stand-fieristici-frasi-scaled.jpg 2557w, https:\/\/www.grafinvest.it\/wp-content\/uploads\/2026\/03\/Stand-fieristici-frasi-300x300.jpg 300w, https:\/\/www.grafinvest.it\/wp-content\/uploads\/2026\/03\/Stand-fieristici-frasi-1024x1024.jpg 1024w, https:\/\/www.grafinvest.it\/wp-content\/uploads\/2026\/03\/Stand-fieristici-frasi-150x150.jpg 150w, https:\/\/www.grafinvest.it\/wp-content\/uploads\/2026\/03\/Stand-fieristici-frasi-768x769.jpg 768w, https:\/\/www.grafinvest.it\/wp-content\/uploads\/2026\/03\/Stand-fieristici-frasi-1534x1536.jpg 1534w, https:\/\/www.grafinvest.it\/wp-content\/uploads\/2026\/03\/Stand-fieristici-frasi-2046x2048.jpg 2046w, https:\/\/www.grafinvest.it\/wp-content\/uploads\/2026\/03\/Stand-fieristici-frasi-12x12.jpg 12w, https:\/\/www.grafinvest.it\/wp-content\/uploads\/2026\/03\/Stand-fieristici-frasi-70x70.jpg 70w, https:\/\/www.grafinvest.it\/wp-content\/uploads\/2026\/03\/Stand-fieristici-frasi-60x60.jpg 60w, https:\/\/www.grafinvest.it\/wp-content\/uploads\/2026\/03\/Stand-fieristici-frasi-160x160.jpg 160w\" sizes=\"auto, (max-width: 2557px) 100vw, 2557px\" \/><\/a>\n                    <\/div>\n                    \n        <\/div>\n\n    <\/div><\/div>\n\t\t<\/div> \n\t<\/div> \n<\/div><div class=\"in_row row vc_row-fluid\"  ><div class=\"col-md-12\">\n\t\t<div class=\"wpb_wrapper\">\n\t\t\t\n\t<div class=\"wpb_text_column wpb_content_element\" >\n\t\t<div class=\"wpb_wrapper\">\n\t\t\t<p class=\"isSelectedEnd\"><strong data-start=\"103\" data-end=\"140\">Innovazione e soluzioni su misura<\/strong><br data-start=\"140\" data-end=\"143\" \/>Grazie alla nostra esperienza e alla nostra continua propensione all\u2019innovazione, siamo in grado di coniugare perfettamente le esigenze espositive con quelle estetiche, offrendo soluzioni su misura per ogni cliente. Progettiamo e realizziamo stand fieristici capaci di valorizzare al massimo l\u2019identit\u00e0 del brand, trasformando ogni spazio in un ambiente coinvolgente, funzionale e altamente riconoscibile.<\/p>\n<p><strong data-start=\"555\" data-end=\"595\">L\u2019importanza della prima impressione<\/strong><br data-start=\"595\" data-end=\"598\" \/>Che si tratti di una fiera B2B, di un evento aziendale o di una manifestazione espositiva, sappiamo quanto la prima impressione sia determinante: per questo curiamo ogni dettaglio, dalla progettazione alla realizzazione, per creare spazi accoglienti, distintivi e in linea con i valori dell\u2019azienda. Il nostro obiettivo \u00e8 costruire un\u2019esperienza visiva e sensoriale che attiri, coinvolga e lasci il segno.<\/p>\n<p><strong data-start=\"1010\" data-end=\"1046\">Servizio completo chiavi in mano<\/strong><br data-start=\"1046\" data-end=\"1049\" \/>Offriamo un servizio completo di progettazione, produzione e allestimento stand fieristici chiavi in mano. Ci occupiamo di ogni fase operativa: dalla progettazione creativa alla grafica personalizzata, dalla stampa dei materiali fino alla realizzazione delle strutture, includendo trasporto, montaggio e smontaggio in fiera. Garantiamo inoltre assistenza tecnica durante tutta la durata dell\u2019evento, assicurando efficienza e puntualit\u00e0.<\/p>\n<p><strong data-start=\"1687\" data-end=\"1725\">Lo stand come strumento strategico<\/strong><br data-start=\"1725\" data-end=\"1728\" \/>Per noi l\u2019allestimento non \u00e8 solo una rappresentazione scenografica, ma un vero e proprio strumento strategico di comunicazione: uno spazio capace di trasmettere valori, rafforzare l\u2019identit\u00e0 aziendale e creare connessioni autentiche con il pubblico.<\/p>\n\n\t\t<\/div>\n\t<\/div>\n\n\t\t<\/div> \n\t<\/div> \n<\/div>\n<\/div>","protected":false},"excerpt":{"rendered":"STAND FIERISTICI Richiedi un PREVENTIVO per il tuo Stand! Nome Cognome Telefono Email Sito Web Il tuo messaggio Accetto anche i Termini di elaborazione dei dati come richiesto dal GDPR Innovazione e soluzioni su misuraGrazie alla nostra esperienza e alla nostra continua propensione all\u2019innovazione, siamo in grado di coniugare perfettamente le esigenze espositive con quelle [...]","protected":false},"author":3,"featured_media":0,"parent":4561,"menu_order":90,"comment_status":"closed","ping_status":"closed","template":"","meta":{"footnotes":""},"class_list":["post-4680","page","type-page","status-publish","hentry"],"yoast_head":"<!-- This site is optimized with the Yoast SEO plugin v26.8 - https:\/\/yoast.com\/product\/yoast-seo-wordpress\/ -->\n<title>Stand Fieristici - Grafinvest EcoTipografia<\/title>\n<meta name=\"description\" content=\"Rendervi presenti sul web nella forma pi\u00f9 efficace e con le tecnologie pi\u00f9 adeguate alle esigenze di comunicazione \u00e8 il nostro obiettivo. Grafinvest offre servizi web completi, siti eleganti e ben strutturati che permettono lo sviluppo della vostra societ\u00e0\" \/>\n<meta name=\"robots\" content=\"index, follow, max-snippet:-1, max-image-preview:large, max-video-preview:-1\" \/>\n<link rel=\"canonical\" href=\"https:\/\/www.grafinvest.it\/en\/prodotti-articoli\/stand-fieristici\/\" \/>\n<meta property=\"og:locale\" content=\"en_GB\" \/>\n<meta property=\"og:type\" content=\"article\" \/>\n<meta property=\"og:title\" content=\"Stand Fieristici - Grafinvest EcoTipografia\" \/>\n<meta property=\"og:description\" content=\"Rendervi presenti sul web nella forma pi\u00f9 efficace e con le tecnologie pi\u00f9 adeguate alle esigenze di comunicazione \u00e8 il nostro obiettivo. Grafinvest offre servizi web completi, siti eleganti e ben strutturati che permettono lo sviluppo della vostra societ\u00e0\" \/>\n<meta property=\"og:url\" content=\"https:\/\/www.grafinvest.it\/en\/prodotti-articoli\/stand-fieristici\/\" \/>\n<meta property=\"og:site_name\" content=\"Grafinvest EcoTipografia\" \/>\n<meta property=\"article:publisher\" content=\"https:\/\/www.facebook.com\/grafinvest.ecotipografia\/\" \/>\n<meta property=\"article:modified_time\" content=\"2026-03-31T12:37:12+00:00\" \/>\n<meta property=\"og:image\" content=\"https:\/\/www.grafinvest.it\/wp-content\/uploads\/2021\/04\/grafinvest_logo.png\" \/>\n\t<meta property=\"og:image:width\" content=\"350\" \/>\n\t<meta property=\"og:image:height\" content=\"79\" \/>\n\t<meta property=\"og:image:type\" content=\"image\/png\" \/>\n<meta name=\"twitter:card\" content=\"summary_large_image\" \/>\n<meta name=\"twitter:label1\" content=\"Estimated reading time\" \/>\n\t<meta name=\"twitter:data1\" content=\"2 minutes\" \/>\n<script type=\"application\/ld+json\" class=\"yoast-schema-graph\">{\"@context\":\"https:\/\/schema.org\",\"@graph\":[{\"@type\":\"WebPage\",\"@id\":\"https:\/\/www.grafinvest.it\/prodotti-articoli\/stand-fieristici\/\",\"url\":\"https:\/\/www.grafinvest.it\/prodotti-articoli\/stand-fieristici\/\",\"name\":\"Stand Fieristici - Grafinvest EcoTipografia\",\"isPartOf\":{\"@id\":\"https:\/\/www.grafinvest.it\/#website\"},\"datePublished\":\"2017-04-07T09:16:06+00:00\",\"dateModified\":\"2026-03-31T12:37:12+00:00\",\"description\":\"Rendervi presenti sul web nella forma pi\u00f9 efficace e con le tecnologie pi\u00f9 adeguate alle esigenze di comunicazione \u00e8 il nostro obiettivo. Grafinvest offre servizi web completi, siti eleganti e ben strutturati che permettono lo sviluppo della vostra societ\u00e0\",\"breadcrumb\":{\"@id\":\"https:\/\/www.grafinvest.it\/prodotti-articoli\/stand-fieristici\/#breadcrumb\"},\"inLanguage\":\"en-GB\",\"potentialAction\":[{\"@type\":\"ReadAction\",\"target\":[\"https:\/\/www.grafinvest.it\/prodotti-articoli\/stand-fieristici\/\"]}]},{\"@type\":\"BreadcrumbList\",\"@id\":\"https:\/\/www.grafinvest.it\/prodotti-articoli\/stand-fieristici\/#breadcrumb\",\"itemListElement\":[{\"@type\":\"ListItem\",\"position\":1,\"name\":\"Home\",\"item\":\"https:\/\/www.grafinvest.it\/\"},{\"@type\":\"ListItem\",\"position\":2,\"name\":\"Prodotti Articoli\",\"item\":\"https:\/\/www.grafinvest.it\/prodotti-articoli\/\"},{\"@type\":\"ListItem\",\"position\":3,\"name\":\"Stand Fieristici\"}]},{\"@type\":\"WebSite\",\"@id\":\"https:\/\/www.grafinvest.it\/#website\",\"url\":\"https:\/\/www.grafinvest.it\/\",\"name\":\"Grafinvest EcoTipografia\",\"description\":\"Tipografia Ecologica, Stampa Ecologica Online, Stampa Carta Riciclata\",\"publisher\":{\"@id\":\"https:\/\/www.grafinvest.it\/#organization\"},\"potentialAction\":[{\"@type\":\"SearchAction\",\"target\":{\"@type\":\"EntryPoint\",\"urlTemplate\":\"https:\/\/www.grafinvest.it\/?s={search_term_string}\"},\"query-input\":{\"@type\":\"PropertyValueSpecification\",\"valueRequired\":true,\"valueName\":\"search_term_string\"}}],\"inLanguage\":\"en-GB\"},{\"@type\":\"Organization\",\"@id\":\"https:\/\/www.grafinvest.it\/#organization\",\"name\":\"Grafinvest EcoTipografia | We think before printing\",\"url\":\"https:\/\/www.grafinvest.it\/\",\"logo\":{\"@type\":\"ImageObject\",\"inLanguage\":\"en-GB\",\"@id\":\"https:\/\/www.grafinvest.it\/#\/schema\/logo\/image\/\",\"url\":\"https:\/\/www.grafinvest.it\/wp-content\/uploads\/revslider\/home_slider\/logo-grafinvest-HD.png\",\"contentUrl\":\"https:\/\/www.grafinvest.it\/wp-content\/uploads\/revslider\/home_slider\/logo-grafinvest-HD.png\",\"width\":550,\"height\":202,\"caption\":\"Grafinvest EcoTipografia | We think before printing\"},\"image\":{\"@id\":\"https:\/\/www.grafinvest.it\/#\/schema\/logo\/image\/\"},\"sameAs\":[\"https:\/\/www.facebook.com\/grafinvest.ecotipografia\/\",\"https:\/\/www.instagram.com\/grafinvest.ecotipografia\/\"]}]}<\/script>\n<!-- \/ Yoast SEO plugin. -->","yoast_head_json":{"title":"Stand Fieristici - Grafinvest EcoTipografia","description":"Rendervi presenti sul web nella forma pi\u00f9 efficace e con le tecnologie pi\u00f9 adeguate alle esigenze di comunicazione \u00e8 il nostro obiettivo. Grafinvest offre servizi web completi, siti eleganti e ben strutturati che permettono lo sviluppo della vostra societ\u00e0","robots":{"index":"index","follow":"follow","max-snippet":"max-snippet:-1","max-image-preview":"max-image-preview:large","max-video-preview":"max-video-preview:-1"},"canonical":"https:\/\/www.grafinvest.it\/en\/prodotti-articoli\/stand-fieristici\/","og_locale":"en_GB","og_type":"article","og_title":"Stand Fieristici - Grafinvest EcoTipografia","og_description":"Rendervi presenti sul web nella forma pi\u00f9 efficace e con le tecnologie pi\u00f9 adeguate alle esigenze di comunicazione \u00e8 il nostro obiettivo. Grafinvest offre servizi web completi, siti eleganti e ben strutturati che permettono lo sviluppo della vostra societ\u00e0","og_url":"https:\/\/www.grafinvest.it\/en\/prodotti-articoli\/stand-fieristici\/","og_site_name":"Grafinvest EcoTipografia","article_publisher":"https:\/\/www.facebook.com\/grafinvest.ecotipografia\/","article_modified_time":"2026-03-31T12:37:12+00:00","og_image":[{"width":350,"height":79,"url":"https:\/\/www.grafinvest.it\/wp-content\/uploads\/2021\/04\/grafinvest_logo.png","type":"image\/png"}],"twitter_card":"summary_large_image","twitter_misc":{"Estimated reading time":"2 minutes"},"schema":{"@context":"https:\/\/schema.org","@graph":[{"@type":"WebPage","@id":"https:\/\/www.grafinvest.it\/prodotti-articoli\/stand-fieristici\/","url":"https:\/\/www.grafinvest.it\/prodotti-articoli\/stand-fieristici\/","name":"Stand Fieristici - Grafinvest EcoTipografia","isPartOf":{"@id":"https:\/\/www.grafinvest.it\/#website"},"datePublished":"2017-04-07T09:16:06+00:00","dateModified":"2026-03-31T12:37:12+00:00","description":"Rendervi presenti sul web nella forma pi\u00f9 efficace e con le tecnologie pi\u00f9 adeguate alle esigenze di comunicazione \u00e8 il nostro obiettivo. Grafinvest offre servizi web completi, siti eleganti e ben strutturati che permettono lo sviluppo della vostra societ\u00e0","breadcrumb":{"@id":"https:\/\/www.grafinvest.it\/prodotti-articoli\/stand-fieristici\/#breadcrumb"},"inLanguage":"en-GB","potentialAction":[{"@type":"ReadAction","target":["https:\/\/www.grafinvest.it\/prodotti-articoli\/stand-fieristici\/"]}]},{"@type":"BreadcrumbList","@id":"https:\/\/www.grafinvest.it\/prodotti-articoli\/stand-fieristici\/#breadcrumb","itemListElement":[{"@type":"ListItem","position":1,"name":"Home","item":"https:\/\/www.grafinvest.it\/"},{"@type":"ListItem","position":2,"name":"Prodotti Articoli","item":"https:\/\/www.grafinvest.it\/prodotti-articoli\/"},{"@type":"ListItem","position":3,"name":"Stand Fieristici"}]},{"@type":"WebSite","@id":"https:\/\/www.grafinvest.it\/#website","url":"https:\/\/www.grafinvest.it\/","name":"Grafinvest EcoTypography","description":"Ecological Typography, Online Ecological Printing, Recycled Paper Printing","publisher":{"@id":"https:\/\/www.grafinvest.it\/#organization"},"potentialAction":[{"@type":"SearchAction","target":{"@type":"EntryPoint","urlTemplate":"https:\/\/www.grafinvest.it\/?s={search_term_string}"},"query-input":{"@type":"PropertyValueSpecification","valueRequired":true,"valueName":"search_term_string"}}],"inLanguage":"en-GB"},{"@type":"Organization","@id":"https:\/\/www.grafinvest.it\/#organization","name":"Grafinvest EcoTipografia | We think before printing","url":"https:\/\/www.grafinvest.it\/","logo":{"@type":"ImageObject","inLanguage":"en-GB","@id":"https:\/\/www.grafinvest.it\/#\/schema\/logo\/image\/","url":"https:\/\/www.grafinvest.it\/wp-content\/uploads\/revslider\/home_slider\/logo-grafinvest-HD.png","contentUrl":"https:\/\/www.grafinvest.it\/wp-content\/uploads\/revslider\/home_slider\/logo-grafinvest-HD.png","width":550,"height":202,"caption":"Grafinvest EcoTipografia | We think before printing"},"image":{"@id":"https:\/\/www.grafinvest.it\/#\/schema\/logo\/image\/"},"sameAs":["https:\/\/www.facebook.com\/grafinvest.ecotipografia\/","https:\/\/www.instagram.com\/grafinvest.ecotipografia\/"]}]}},"_links":{"self":[{"href":"https:\/\/www.grafinvest.it\/en\/wp-json\/wp\/v2\/pages\/4680","targetHints":{"allow":["GET"]}}],"collection":[{"href":"https:\/\/www.grafinvest.it\/en\/wp-json\/wp\/v2\/pages"}],"about":[{"href":"https:\/\/www.grafinvest.it\/en\/wp-json\/wp\/v2\/types\/page"}],"author":[{"embeddable":true,"href":"https:\/\/www.grafinvest.it\/en\/wp-json\/wp\/v2\/users\/3"}],"replies":[{"embeddable":true,"href":"https:\/\/www.grafinvest.it\/en\/wp-json\/wp\/v2\/comments?post=4680"}],"version-history":[{"count":3,"href":"https:\/\/www.grafinvest.it\/en\/wp-json\/wp\/v2\/pages\/4680\/revisions"}],"predecessor-version":[{"id":9196,"href":"https:\/\/www.grafinvest.it\/en\/wp-json\/wp\/v2\/pages\/4680\/revisions\/9196"}],"up":[{"embeddable":true,"href":"https:\/\/www.grafinvest.it\/en\/wp-json\/wp\/v2\/pages\/4561"}],"wp:attachment":[{"href":"https:\/\/www.grafinvest.it\/en\/wp-json\/wp\/v2\/media?parent=4680"}],"curies":[{"name":"wp","href":"https:\/\/api.w.org\/{rel}","templated":true}]}}