{"id":3770,"date":"2015-09-30T16:43:29","date_gmt":"2015-09-30T14:43:29","guid":{"rendered":"https:\/\/www.grafinvest.it\/?page_id=3770"},"modified":"2017-03-10T10:53:58","modified_gmt":"2017-03-10T09:53:58","slug":"qualita","status":"publish","type":"page","link":"https:\/\/www.grafinvest.it\/en\/azienda\/qualita\/","title":{"rendered":"Quality"},"content":{"rendered":"<div class=\"wpb-content-wrapper\"><div class=\"in_row row vc_row-fluid\"  ><div class=\"col-md-12\">\n\t\t<div class=\"wpb_wrapper\">\n\t\t\t\n\t<div class=\"wpb_text_column wpb_content_element titolipagine\" >\n\t\t<div class=\"wpb_wrapper\">\n\t\t\t<h1><strong><span style=\"color: #000000;\">QUALITY<\/span>\u00a0<span style=\"color: #95c11e;\">TOTAL<\/span><\/strong><\/h1>\n<h1><strong><span style=\"color: #95c11e;\">AND ATTENTION<\/span>\u00a0<span style=\"color: #000000;\">TO DETAILS ...<\/span> <span style=\"color: #95c11e;\"> OF COURSE <\/span><\/strong><\/h1>\n\n\t\t<\/div>\n\t<\/div>\n\n<div class=\"wpb_images_carousel  wpb_content_element clearfix\">\n    <div class=\"wpb_wrapper\">\n                <div id=\"vc-images-carousel-1-1776854740\" \n            class=\"owl-carousel\"\n            data-slides-per-view = \"1\"\n            data-single-item = \"true\"\n            data-transition-slide = \"fade\"\n            data-navigation-owl = \"false\"\n            data-pagination-owl = \"false\"\n            data-autoplay = \"3000\"\n            data-rewind = \"true\"\n            data-speed = \"2000\"\n            >\n\n            <!-- Wrapper for slides -->\n\n                                                            <div class=\"item single-image\">\n\n                        <img decoding=\"async\" class=\"\" src=\"https:\/\/www.grafinvest.it\/wp-content\/uploads\/2015\/09\/hyacinth-747131_1280-850x350.jpg\" width=\"850\" height=\"350\" alt=\"hyacinth-747131_1280\" title=\"hyacinth-747131_1280\" loading=\"lazy\" \/>\n                    <\/div>\n                                                            <div class=\"item single-image\">\n\n                        <img decoding=\"async\" class=\"\" src=\"https:\/\/www.grafinvest.it\/wp-content\/uploads\/2015\/09\/flowers-747206_1280-850x350.jpg\" width=\"850\" height=\"350\" alt=\"flowers-747206_1280\" title=\"flowers-747206_1280\" loading=\"lazy\" \/>\n                    <\/div>\n                                                            <div class=\"item single-image\">\n\n                        <img decoding=\"async\" class=\"\" src=\"https:\/\/www.grafinvest.it\/wp-content\/uploads\/2015\/09\/deco-676389_1280-850x350.jpg\" width=\"850\" height=\"350\" alt=\"deco-676389_1280\" title=\"deco-676389_1280\" loading=\"lazy\" \/>\n                    <\/div>\n                                                            <div class=\"item single-image\">\n\n                        <img decoding=\"async\" class=\"\" src=\"https:\/\/www.grafinvest.it\/wp-content\/uploads\/2015\/09\/background-84678_1280-850x350.jpg\" width=\"850\" height=\"350\" alt=\"background-84678_1280\" title=\"background-84678_1280\" loading=\"lazy\" \/>\n                    <\/div>\n                    \n        <\/div>\n\n    <\/div><\/div>\n\t<div class=\"wpb_text_column wpb_content_element\" >\n\t\t<div class=\"wpb_wrapper\">\n\t\t\t<p>The concept of <strong>Total quality<\/strong>, which initially developed in Japan, has now spread to Italy as well. The fundamental points of this approach can be summarized as follows:<\/p>\n<ol style=\"text-align: justify;\">\n<li><strong>Priority to the customer<\/strong>: customer satisfaction is placed at the center of all the company&#039;s activities.<\/li>\n<li><strong>Continuous improvement<\/strong>: customer satisfaction is conceived in a dynamic perspective and therefore the company must continuously work on improving the product \/ service to remain competitive in the market. The Western corporate mentality has always considered improvement in terms of innovations (of technology, machinery, processes, etc.) to be achieved in the face of substantial investments.<\/li>\n<\/ol>\n<p style=\"text-align: justify;\"><span style=\"color: #95c11e;\"><strong>Instead, it has been shown that the most effective way to reduce costs is to improve quality through small, numerous and continuous improvements.<\/strong><\/span><\/p>\n<p>&nbsp;<\/p>\n<p>&nbsp;<\/p>\n\n\t\t<\/div>\n\t<\/div>\n\n\t\t<\/div> \n\t<\/div> \n<\/div>\n<\/div>","protected":false},"excerpt":{"rendered":"QUALIT\u00c0\u00a0TOTALE E ATTENZIONE\u00a0AI DETTAGLI... NATURALMENTE Il concetto di Qualit\u00e0 Totale, sviluppatosi inizialmente in Giappone, si \u00e8 oggi diffuso anche in Italia. I punti fondamentali di questo approccio possono essere cos\u00ec sintetizzati: Priorit\u00e0 al cliente: la soddisfazione del cliente viene messa al centro di tutta l'attivit\u00e0 dell'azienda. Miglioramento continuo: la soddisfazione del cliente viene concepita in [...]","protected":false},"author":3,"featured_media":0,"parent":4361,"menu_order":40,"comment_status":"closed","ping_status":"closed","template":"","meta":{"footnotes":""},"class_list":["post-3770","page","type-page","status-publish","hentry"],"yoast_head":"<!-- This site is optimized with the Yoast SEO plugin v26.8 - https:\/\/yoast.com\/product\/yoast-seo-wordpress\/ -->\n<title>Qualit\u00e0 - Grafinvest EcoTipografia<\/title>\n<meta name=\"description\" content=\"Il concetto di Qualit\u00e0 Totale, sviluppatosi inizialmente in Giappone, si \u00e8 oggi diffuso anche in Italia. I punti fondamentali di questo approccio possono essere cos\u00ec sintetizzati: Priorit\u00e0 al cliente - Miglioramento continuo\" \/>\n<meta name=\"robots\" content=\"index, follow, max-snippet:-1, max-image-preview:large, max-video-preview:-1\" \/>\n<link rel=\"canonical\" href=\"https:\/\/www.grafinvest.it\/en\/azienda\/qualita\/\" \/>\n<meta property=\"og:locale\" content=\"en_GB\" \/>\n<meta property=\"og:type\" content=\"article\" \/>\n<meta property=\"og:title\" content=\"Qualit\u00e0 - Grafinvest EcoTipografia\" \/>\n<meta property=\"og:description\" content=\"Il concetto di Qualit\u00e0 Totale, sviluppatosi inizialmente in Giappone, si \u00e8 oggi diffuso anche in Italia. I punti fondamentali di questo approccio possono essere cos\u00ec sintetizzati: Priorit\u00e0 al cliente - Miglioramento continuo\" \/>\n<meta property=\"og:url\" content=\"https:\/\/www.grafinvest.it\/en\/azienda\/qualita\/\" \/>\n<meta property=\"og:site_name\" content=\"Grafinvest EcoTipografia\" \/>\n<meta property=\"article:publisher\" content=\"https:\/\/www.facebook.com\/grafinvest.ecotipografia\/\" \/>\n<meta property=\"article:modified_time\" content=\"2017-03-10T09:53:58+00:00\" \/>\n<meta property=\"og:image\" content=\"https:\/\/www.grafinvest.it\/wp-content\/uploads\/2021\/04\/grafinvest_logo.png\" \/>\n\t<meta property=\"og:image:width\" content=\"350\" \/>\n\t<meta property=\"og:image:height\" content=\"79\" \/>\n\t<meta property=\"og:image:type\" content=\"image\/png\" \/>\n<meta name=\"twitter:card\" content=\"summary_large_image\" \/>\n<meta name=\"twitter:label1\" content=\"Estimated reading time\" \/>\n\t<meta name=\"twitter:data1\" content=\"1 minute\" \/>\n<script type=\"application\/ld+json\" class=\"yoast-schema-graph\">{\"@context\":\"https:\/\/schema.org\",\"@graph\":[{\"@type\":\"WebPage\",\"@id\":\"https:\/\/www.grafinvest.it\/azienda\/qualita\/\",\"url\":\"https:\/\/www.grafinvest.it\/azienda\/qualita\/\",\"name\":\"Qualit\u00e0 - Grafinvest EcoTipografia\",\"isPartOf\":{\"@id\":\"https:\/\/www.grafinvest.it\/#website\"},\"datePublished\":\"2015-09-30T14:43:29+00:00\",\"dateModified\":\"2017-03-10T09:53:58+00:00\",\"description\":\"Il concetto di Qualit\u00e0 Totale, sviluppatosi inizialmente in Giappone, si \u00e8 oggi diffuso anche in Italia. I punti fondamentali di questo approccio possono essere cos\u00ec sintetizzati: Priorit\u00e0 al cliente - Miglioramento continuo\",\"breadcrumb\":{\"@id\":\"https:\/\/www.grafinvest.it\/azienda\/qualita\/#breadcrumb\"},\"inLanguage\":\"en-GB\",\"potentialAction\":[{\"@type\":\"ReadAction\",\"target\":[\"https:\/\/www.grafinvest.it\/azienda\/qualita\/\"]}]},{\"@type\":\"BreadcrumbList\",\"@id\":\"https:\/\/www.grafinvest.it\/azienda\/qualita\/#breadcrumb\",\"itemListElement\":[{\"@type\":\"ListItem\",\"position\":1,\"name\":\"Home\",\"item\":\"https:\/\/www.grafinvest.it\/\"},{\"@type\":\"ListItem\",\"position\":2,\"name\":\"Azienda\",\"item\":\"https:\/\/www.grafinvest.it\/azienda\/\"},{\"@type\":\"ListItem\",\"position\":3,\"name\":\"Qualit\u00e0\"}]},{\"@type\":\"WebSite\",\"@id\":\"https:\/\/www.grafinvest.it\/#website\",\"url\":\"https:\/\/www.grafinvest.it\/\",\"name\":\"Grafinvest EcoTipografia\",\"description\":\"Tipografia Ecologica, Stampa Ecologica Online, Stampa Carta Riciclata\",\"publisher\":{\"@id\":\"https:\/\/www.grafinvest.it\/#organization\"},\"potentialAction\":[{\"@type\":\"SearchAction\",\"target\":{\"@type\":\"EntryPoint\",\"urlTemplate\":\"https:\/\/www.grafinvest.it\/?s={search_term_string}\"},\"query-input\":{\"@type\":\"PropertyValueSpecification\",\"valueRequired\":true,\"valueName\":\"search_term_string\"}}],\"inLanguage\":\"en-GB\"},{\"@type\":\"Organization\",\"@id\":\"https:\/\/www.grafinvest.it\/#organization\",\"name\":\"Grafinvest EcoTipografia | We think before printing\",\"url\":\"https:\/\/www.grafinvest.it\/\",\"logo\":{\"@type\":\"ImageObject\",\"inLanguage\":\"en-GB\",\"@id\":\"https:\/\/www.grafinvest.it\/#\/schema\/logo\/image\/\",\"url\":\"https:\/\/www.grafinvest.it\/wp-content\/uploads\/revslider\/home_slider\/logo-grafinvest-HD.png\",\"contentUrl\":\"https:\/\/www.grafinvest.it\/wp-content\/uploads\/revslider\/home_slider\/logo-grafinvest-HD.png\",\"width\":550,\"height\":202,\"caption\":\"Grafinvest EcoTipografia | We think before printing\"},\"image\":{\"@id\":\"https:\/\/www.grafinvest.it\/#\/schema\/logo\/image\/\"},\"sameAs\":[\"https:\/\/www.facebook.com\/grafinvest.ecotipografia\/\",\"https:\/\/www.instagram.com\/grafinvest.ecotipografia\/\"]}]}<\/script>\n<!-- \/ Yoast SEO plugin. -->","yoast_head_json":{"title":"Qualit\u00e0 - Grafinvest EcoTipografia","description":"Il concetto di Qualit\u00e0 Totale, sviluppatosi inizialmente in Giappone, si \u00e8 oggi diffuso anche in Italia. I punti fondamentali di questo approccio possono essere cos\u00ec sintetizzati: Priorit\u00e0 al cliente - Miglioramento continuo","robots":{"index":"index","follow":"follow","max-snippet":"max-snippet:-1","max-image-preview":"max-image-preview:large","max-video-preview":"max-video-preview:-1"},"canonical":"https:\/\/www.grafinvest.it\/en\/azienda\/qualita\/","og_locale":"en_GB","og_type":"article","og_title":"Qualit\u00e0 - Grafinvest EcoTipografia","og_description":"Il concetto di Qualit\u00e0 Totale, sviluppatosi inizialmente in Giappone, si \u00e8 oggi diffuso anche in Italia. I punti fondamentali di questo approccio possono essere cos\u00ec sintetizzati: Priorit\u00e0 al cliente - Miglioramento continuo","og_url":"https:\/\/www.grafinvest.it\/en\/azienda\/qualita\/","og_site_name":"Grafinvest EcoTipografia","article_publisher":"https:\/\/www.facebook.com\/grafinvest.ecotipografia\/","article_modified_time":"2017-03-10T09:53:58+00:00","og_image":[{"width":350,"height":79,"url":"https:\/\/www.grafinvest.it\/wp-content\/uploads\/2021\/04\/grafinvest_logo.png","type":"image\/png"}],"twitter_card":"summary_large_image","twitter_misc":{"Estimated reading time":"1 minute"},"schema":{"@context":"https:\/\/schema.org","@graph":[{"@type":"WebPage","@id":"https:\/\/www.grafinvest.it\/azienda\/qualita\/","url":"https:\/\/www.grafinvest.it\/azienda\/qualita\/","name":"Qualit\u00e0 - Grafinvest EcoTipografia","isPartOf":{"@id":"https:\/\/www.grafinvest.it\/#website"},"datePublished":"2015-09-30T14:43:29+00:00","dateModified":"2017-03-10T09:53:58+00:00","description":"Il concetto di Qualit\u00e0 Totale, sviluppatosi inizialmente in Giappone, si \u00e8 oggi diffuso anche in Italia. I punti fondamentali di questo approccio possono essere cos\u00ec sintetizzati: Priorit\u00e0 al cliente - Miglioramento continuo","breadcrumb":{"@id":"https:\/\/www.grafinvest.it\/azienda\/qualita\/#breadcrumb"},"inLanguage":"en-GB","potentialAction":[{"@type":"ReadAction","target":["https:\/\/www.grafinvest.it\/azienda\/qualita\/"]}]},{"@type":"BreadcrumbList","@id":"https:\/\/www.grafinvest.it\/azienda\/qualita\/#breadcrumb","itemListElement":[{"@type":"ListItem","position":1,"name":"Home","item":"https:\/\/www.grafinvest.it\/"},{"@type":"ListItem","position":2,"name":"Azienda","item":"https:\/\/www.grafinvest.it\/azienda\/"},{"@type":"ListItem","position":3,"name":"Qualit\u00e0"}]},{"@type":"WebSite","@id":"https:\/\/www.grafinvest.it\/#website","url":"https:\/\/www.grafinvest.it\/","name":"Grafinvest EcoTypography","description":"Ecological Typography, Online Ecological Printing, Recycled Paper Printing","publisher":{"@id":"https:\/\/www.grafinvest.it\/#organization"},"potentialAction":[{"@type":"SearchAction","target":{"@type":"EntryPoint","urlTemplate":"https:\/\/www.grafinvest.it\/?s={search_term_string}"},"query-input":{"@type":"PropertyValueSpecification","valueRequired":true,"valueName":"search_term_string"}}],"inLanguage":"en-GB"},{"@type":"Organization","@id":"https:\/\/www.grafinvest.it\/#organization","name":"Grafinvest EcoTipografia | We think before printing","url":"https:\/\/www.grafinvest.it\/","logo":{"@type":"ImageObject","inLanguage":"en-GB","@id":"https:\/\/www.grafinvest.it\/#\/schema\/logo\/image\/","url":"https:\/\/www.grafinvest.it\/wp-content\/uploads\/revslider\/home_slider\/logo-grafinvest-HD.png","contentUrl":"https:\/\/www.grafinvest.it\/wp-content\/uploads\/revslider\/home_slider\/logo-grafinvest-HD.png","width":550,"height":202,"caption":"Grafinvest EcoTipografia | We think before printing"},"image":{"@id":"https:\/\/www.grafinvest.it\/#\/schema\/logo\/image\/"},"sameAs":["https:\/\/www.facebook.com\/grafinvest.ecotipografia\/","https:\/\/www.instagram.com\/grafinvest.ecotipografia\/"]}]}},"_links":{"self":[{"href":"https:\/\/www.grafinvest.it\/en\/wp-json\/wp\/v2\/pages\/3770","targetHints":{"allow":["GET"]}}],"collection":[{"href":"https:\/\/www.grafinvest.it\/en\/wp-json\/wp\/v2\/pages"}],"about":[{"href":"https:\/\/www.grafinvest.it\/en\/wp-json\/wp\/v2\/types\/page"}],"author":[{"embeddable":true,"href":"https:\/\/www.grafinvest.it\/en\/wp-json\/wp\/v2\/users\/3"}],"replies":[{"embeddable":true,"href":"https:\/\/www.grafinvest.it\/en\/wp-json\/wp\/v2\/comments?post=3770"}],"version-history":[{"count":0,"href":"https:\/\/www.grafinvest.it\/en\/wp-json\/wp\/v2\/pages\/3770\/revisions"}],"up":[{"embeddable":true,"href":"https:\/\/www.grafinvest.it\/en\/wp-json\/wp\/v2\/pages\/4361"}],"wp:attachment":[{"href":"https:\/\/www.grafinvest.it\/en\/wp-json\/wp\/v2\/media?parent=3770"}],"curies":[{"name":"wp","href":"https:\/\/api.w.org\/{rel}","templated":true}]}}